{"id":3658,"date":"2014-04-07T15:15:07","date_gmt":"2014-04-07T13:15:07","guid":{"rendered":"http:\/\/wpkcs.karnevalsverein-sacro.de\/?page_id=3658"},"modified":"2015-02-03T00:54:40","modified_gmt":"2015-02-02T22:54:40","slug":"unsere-agbs","status":"publish","type":"page","link":"https:\/\/wpkcs.karnevalsverein-sacro.de\/?page_id=3658","title":{"rendered":"Unsere AGB\u00b4s"},"content":{"rendered":"<p><b>Allgemeine Gesch\u00e4ftsbedingungen<\/b><\/p>\n<p>Des Karnevalsverein Forst \u2013 Sacro\u00a0 1979 e.V<\/p>\n<p><span style=\"text-decoration: underline;\">\u00a7 1 Allgemeines<\/span><\/p>\n<p>(1)\u00a0\u00a0\u00a0 Karnevalsverein Forst \u2013 Sacro 1979 e.V. wird im folgenden Veranstalter genannt<\/p>\n<p>(2)\u00a0\u00a0\u00a0 Vertragliche Beziehungen kommen ausschlie\u00dflich mit dem Veranstalter und dem rechtm\u00e4\u00dfigen Inhaber der Eintrittskarte zustande. Mit dem Erwerb der Eintrittskarte erkennt der K\u00e4ufer bzw. der rechtm\u00e4\u00dfige Inhaber der Eintrittskarte die allgemeinen Gesch\u00e4ftsbedingungen, nachfolgend AGB genannt, des Veranstalters an und verzichtet auf die Geltendmachung eigener AGB.<\/p>\n<p><span style=\"text-decoration: underline;\">\u00a7 2 Eintrittskarte<\/span><\/p>\n<p>(1)\u00a0\u00a0\u00a0 Es gelten ausschlie\u00dflich die vom Veranstalter genannten Preise. Im Eintrittspreis ist die gesetzliche Mehrwertsteuer enthalten.<\/p>\n<p>(2)\u00a0\u00a0\u00a0 Die Bestellung von Eintrittskarten kann telefonisch, schriftlich, via E-Mail sowie pers\u00f6nlich vorgenommen werden.<\/p>\n<p>(3)\u00a0\u00a0\u00a0 Die Eintrittskarte berechtigt ausschlie\u00dflich zum einmaligen Besuch der Veranstaltung zum angegebenen Datum.<\/p>\n<p>(4)\u00a0\u00a0\u00a0 Eine Stornierung oder terminliche Umbuchung der Eintrittskarte ist grunds\u00e4tzlich nicht m\u00f6glich. Eine R\u00fccknahme ist ausgeschlossen. \u00a0Der Veranstalter beh\u00e4lt sich das Recht vor, in Kulanzf\u00e4llen Umbuchungen anzubieten.<\/p>\n<p>(5)\u00a0\u00a0\u00a0 Wird die Veranstaltung vom Veranstalter abgesagt, erh\u00e4lt der rechtm\u00e4\u00dfige Karteninhaber den Eintrittspreis gegen R\u00fcckgabe der Eintrittskarte zur\u00fcck.<\/p>\n<p>(6)\u00a0\u00a0\u00a0 Bei Gutscheinen f\u00fcr eine Veranstaltung gelten grunds\u00e4tzlich die gleichen Bedingungen wie bei regul\u00e4ren Eintrittskarten. Eine Barauszahlung ist nicht m\u00f6glich.<\/p>\n<p><span style=\"text-decoration: underline;\">\u00a7 3 Gew\u00e4hrleistung und Schadensersatz<\/span><\/p>\n<p>(1)\u00a0\u00a0\u00a0 Schadensersatzanspr\u00fcche gegen den Veranstalter jeglicher Art sind ausgeschlossen, soweit der Veranstalter, sein gesetzlicher Vertreter oder sein Erf\u00fcllungsgehilfe nicht vors\u00e4tzlich oder grob fahrl\u00e4ssig gehandelt haben und keine vertragswesentlichen Pflichten verletzt wurden.<\/p>\n<p>(2)\u00a0\u00a0\u00a0 Programm\u00e4nderung oder der Austausch von einzelnen K\u00fcnstlern oder Darbietungen beh\u00e4lt sich der Veranstalter vor. Eintrittspreisminderungen sind dadurch nicht gerechtfertigt.<\/p>\n<p><span style=\"text-decoration: underline;\">\u00a7 4 Verkehrssicherungspflichten und Haftung<\/span><\/p>\n<p>(1)\u00a0\u00a0\u00a0 Das Betreten des Veranstaltungsortes erfolgt grunds\u00e4tzlich auf eigene Gefahr. Der Besitzer der Eintrittskarte parkt sein Fahrzeug auf eigene Gefahr.<\/p>\n<p>(2)\u00a0\u00a0\u00a0 Der rechtm\u00e4\u00dfige Inhaber der Eintrittskarte hat Anweisungen von Mitarbeitern des Veranstalters und den Mitarbeitern der Veranstaltungsst\u00e4tte\u00a0 w\u00e4hrend der Veranstaltung Folge zu leisten. Es ist die Hausordnung der Veranstaltungsst\u00e4tte zu beachten.<\/p>\n<p>(3)\u00a0\u00a0\u00a0 F\u00fcr vom rechtm\u00e4\u00dfigen Inhaber der Eintrittskarte mitgebrachte Gegenst\u00e4nde und Wertsachen wird seitens des Veranstalters keine Haftung \u00fcbernommen.<\/p>\n<p>(4)\u00a0\u00a0\u00a0 Das Mitbringen von gef\u00e4hrlichen Gegenst\u00e4nden, Hieb-, Stich- und Schusswaffen, sowie pyrotechnischen Gegenst\u00e4nden ist untersagt. Bei Nichtbeachtung erfolgt der Verweis aus der Veranstaltungsst\u00e4tte.<\/p>\n<p><b>(5)\u00a0\u00a0\u00a0 <\/b><b>Es gilt das Jugendschutzgesetzt.<\/b><\/p>\n<p><span style=\"text-decoration: underline;\">\u00a7 5 Datenschutz und Datenverarbeitung<\/span><\/p>\n<p>(1)\u00a0\u00a0\u00a0 Die im Bestellformular erhobenen Daten der Kunden werden ausschlie\u00dflich zur internen Bearbeitung der Bestellung verwendet. Alle Informationen werden sicher aufbewahrt und am Ende der Session vernichtet. Zugang zu den pers\u00f6nlichen Daten erhalten nur \u00a0Mitarbeiter des KCS zur Erledigung ihrer spezifischen Aufgaben. Der Veranstalter ist berechtigt, diese Daten an vom Veranstalter mit der Durchf\u00fchrung der Veranstaltung beauftragte Dritte zu \u00fcbermitteln, soweit dies notwendig ist. Eine Weitergabe der Kundendaten zum Zwecke der Werbung ist ausgeschlossen.<\/p>\n<p><span style=\"text-decoration: underline;\">\u00a7 6 Rechte<\/span><\/p>\n<p>(1)\u00a0\u00a0\u00a0 Der Inhaber \u00a0der Eintrittskarte willigt ohne Verg\u00fctung durch den Veranstalter darin ein, dass der Veranstalter berechtigt ist, im Rahmen der Veranstaltung Bildaufnahmen des Inhabers der Eintrittskarte, die \u00fcber die Widergabe einer Veranstaltung des Zeitgeschehens hinausgehen, zu erstellen, zu vervielf\u00e4ltigen, zu senden oder senden zu lassen sowie in audiovisuellen Medien zu nutzen. Diese Einwilligung erfolgt zeitlich und r\u00e4umlich unbeschr\u00e4nkt.<\/p>\n<p>(2)\u00a0\u00a0\u00a0 Ton-, Film-, und Videoaufnahmen, auch f\u00fcr den privaten Gebrauch sind nicht erlaubt. Rechte an der Veranstaltung und der Gestaltung stehen allein dem Veranstalter zu. Bei Zuwiderhandlung beh\u00e4lt sich der Veranstalter Schadensersatzanspr\u00fcche vor.<\/p>\n<p><span style=\"text-decoration: underline;\">\u00a7 7 Schlussklauseln<\/span><\/p>\n<p>(1)\u00a0\u00a0\u00a0 Es gilt ausschlie\u00dflich das Recht der Bundesrepublik Deutschland. Alleiniger Erf\u00fcllungsort f\u00fcr Lieferung, Leistung und Zahlung ist Forst\/Lausitz. Sollten einzelne Bestimmungen aus dieser AGB\u00a0 unwirksam werden, so bleibt der Vertrag gleichwohl g\u00fcltig. In einem solchen Fall ist die ung\u00fcltige Bestimmung dieser AGB so umzudeuten oder zu erg\u00e4nzen, dass der mit der g\u00fcltigen Bestimmung beabsichtigte wirtschaftliche Zweck erreicht werden kann.<\/p>\n","protected":false},"excerpt":{"rendered":"<p>Allgemeine Gesch\u00e4ftsbedingungen Des Karnevalsverein Forst \u2013 Sacro\u00a0 1979 e.V \u00a7 1 Allgemeines (1)\u00a0\u00a0\u00a0 Karnevalsverein Forst \u2013 Sacro 1979 e.V. wird im folgenden Veranstalter genannt (2)\u00a0\u00a0\u00a0 Vertragliche Beziehungen kommen ausschlie\u00dflich mit dem Veranstalter und dem rechtm\u00e4\u00dfigen Inhaber der Eintrittskarte zustande. Mit&hellip; <\/p>\n","protected":false},"author":1,"featured_media":0,"parent":0,"menu_order":0,"comment_status":"closed","ping_status":"closed","template":"","meta":{"pgc_meta":"","footnotes":""},"class_list":["post-3658","page","type-page","status-publish","hentry"],"pgc_meta":"","jetpack_sharing_enabled":false,"rttpg_featured_image_url":null,"rttpg_author":{"display_name":"KCS 1979 e.V. admin","author_link":"https:\/\/wpkcs.karnevalsverein-sacro.de\/?author=1"},"rttpg_comment":0,"rttpg_category":null,"rttpg_excerpt":"Allgemeine Gesch\u00e4ftsbedingungen Des Karnevalsverein Forst \u2013 Sacro\u00a0 1979 e.V \u00a7 1 Allgemeines (1)\u00a0\u00a0\u00a0 Karnevalsverein Forst \u2013 Sacro 1979 e.V. wird im folgenden Veranstalter genannt (2)\u00a0\u00a0\u00a0 Vertragliche Beziehungen kommen ausschlie\u00dflich mit dem Veranstalter und dem rechtm\u00e4\u00dfigen Inhaber der Eintrittskarte zustande. Mit&hellip;","_links":{"self":[{"href":"https:\/\/wpkcs.karnevalsverein-sacro.de\/index.php?rest_route=\/wp\/v2\/pages\/3658","targetHints":{"allow":["GET"]}}],"collection":[{"href":"https:\/\/wpkcs.karnevalsverein-sacro.de\/index.php?rest_route=\/wp\/v2\/pages"}],"about":[{"href":"https:\/\/wpkcs.karnevalsverein-sacro.de\/index.php?rest_route=\/wp\/v2\/types\/page"}],"author":[{"embeddable":true,"href":"https:\/\/wpkcs.karnevalsverein-sacro.de\/index.php?rest_route=\/wp\/v2\/users\/1"}],"replies":[{"embeddable":true,"href":"https:\/\/wpkcs.karnevalsverein-sacro.de\/index.php?rest_route=%2Fwp%2Fv2%2Fcomments&post=3658"}],"version-history":[{"count":1,"href":"https:\/\/wpkcs.karnevalsverein-sacro.de\/index.php?rest_route=\/wp\/v2\/pages\/3658\/revisions"}],"predecessor-version":[{"id":3659,"href":"https:\/\/wpkcs.karnevalsverein-sacro.de\/index.php?rest_route=\/wp\/v2\/pages\/3658\/revisions\/3659"}],"wp:attachment":[{"href":"https:\/\/wpkcs.karnevalsverein-sacro.de\/index.php?rest_route=%2Fwp%2Fv2%2Fmedia&parent=3658"}],"curies":[{"name":"wp","href":"https:\/\/api.w.org\/{rel}","templated":true}]}}